{"id":12,"date":"2024-12-12T14:14:29","date_gmt":"2024-12-12T13:14:29","guid":{"rendered":"https:\/\/www.regalamosdescanso.es\/?page_id=12"},"modified":"2025-04-15T10:20:18","modified_gmt":"2025-04-15T08:20:18","slug":"elementor-12","status":"publish","type":"page","link":"https:\/\/www.regalamosdescanso.es\/","title":{"rendered":""},"content":{"rendered":"\t\t<div data-elementor-type=\"wp-post\" data-elementor-id=\"12\" class=\"elementor elementor-12\">\n\t\t\t\t<div class=\"elementor-element elementor-element-0bbe5be e-flex e-con-boxed e-con e-parent\" data-id=\"0bbe5be\" data-element_type=\"container\">\n\t\t\t\t\t<div class=\"e-con-inner\">\n\t\t\t\t<div class=\"elementor-element elementor-element-7eec2fc elementor-widget elementor-widget-heading\" data-id=\"7eec2fc\" data-element_type=\"widget\" data-widget_type=\"heading.default\">\n\t\t\t\t<div class=\"elementor-widget-container\">\n\t\t\t\t\t<h1 class=\"elementor-heading-title elementor-size-default\">Compra tu nuevo colch\u00f3n y por 1\u20ac m\u00e1s ll\u00e9vate el canap\u00e9 *<\/h1>\t\t\t\t<\/div>\n\t\t\t\t<\/div>\n\t\t\t\t\t<\/div>\n\t\t\t\t<\/div>\n\t\t<div class=\"elementor-element elementor-element-f53c46c e-flex e-con-boxed e-con e-parent\" data-id=\"f53c46c\" data-element_type=\"container\">\n\t\t\t\t\t<div class=\"e-con-inner\">\n\t\t\t\t<div class=\"elementor-element elementor-element-ce2344d elementor-widget elementor-widget-image\" data-id=\"ce2344d\" data-element_type=\"widget\" data-widget_type=\"image.default\">\n\t\t\t\t<div class=\"elementor-widget-container\">\n\t\t\t\t\t\t\t\t\t\t\t\t\t\t\t\t<a href=\"https:\/\/www.regalamosdescanso.es\/wp-content\/uploads\/2025\/01\/banner-domotex-1.jpg\" data-elementor-open-lightbox=\"yes\" data-elementor-lightbox-title=\"banner-domotex\" data-e-action-hash=\"#elementor-action%3Aaction%3Dlightbox%26settings%3DeyJpZCI6MjYsInVybCI6Imh0dHBzOlwvXC93d3cucmVnYWxhbW9zZGVzY2Fuc28uZXNcL3dwLWNvbnRlbnRcL3VwbG9hZHNcLzIwMjVcLzAxXC9iYW5uZXItZG9tb3RleC0xLmpwZyJ9\">\n\t\t\t\t\t\t\t<img fetchpriority=\"high\" decoding=\"async\" width=\"2500\" height=\"851\" src=\"https:\/\/www.regalamosdescanso.es\/wp-content\/uploads\/2025\/01\/banner-domotex-1.jpg\" class=\"attachment-full size-full wp-image-26\" alt=\"\" srcset=\"https:\/\/www.regalamosdescanso.es\/wp-content\/uploads\/2025\/01\/banner-domotex-1.jpg 2500w, https:\/\/www.regalamosdescanso.es\/wp-content\/uploads\/2025\/01\/banner-domotex-1-300x102.jpg 300w, https:\/\/www.regalamosdescanso.es\/wp-content\/uploads\/2025\/01\/banner-domotex-1-1024x349.jpg 1024w, https:\/\/www.regalamosdescanso.es\/wp-content\/uploads\/2025\/01\/banner-domotex-1-768x261.jpg 768w, https:\/\/www.regalamosdescanso.es\/wp-content\/uploads\/2025\/01\/banner-domotex-1-1536x523.jpg 1536w, https:\/\/www.regalamosdescanso.es\/wp-content\/uploads\/2025\/01\/banner-domotex-1-2048x697.jpg 2048w\" sizes=\"(max-width: 2500px) 100vw, 2500px\" \/>\t\t\t\t\t\t\t\t<\/a>\n\t\t\t\t\t\t\t\t\t\t\t\t\t\t\t<\/div>\n\t\t\t\t<\/div>\n\t\t\t\t\t<\/div>\n\t\t\t\t<\/div>\n\t\t<div class=\"elementor-element elementor-element-06ded5d e-flex e-con-boxed e-con e-parent\" data-id=\"06ded5d\" data-element_type=\"container\">\n\t\t\t\t\t<div class=\"e-con-inner\">\n\t\t<div class=\"elementor-element elementor-element-20733f4 e-con-full e-flex e-con e-child\" data-id=\"20733f4\" data-element_type=\"container\">\n\t\t\t\t<div class=\"elementor-element elementor-element-eecbc10 elementor-widget elementor-widget-text-editor\" data-id=\"eecbc10\" data-element_type=\"widget\" data-widget_type=\"text-editor.default\">\n\t\t\t\t<div class=\"elementor-widget-container\">\n\t\t\t\t\t\t\t\t\t<p><span style=\"text-decoration: underline;\"><strong>Colch\u00f3n Premium 30 de Domotex:<\/strong><\/span><\/p><ul><li>N\u00facleo HR de Alta densidad<\/li><li>Confort envolvente con viscoel\u00e1stica<\/li><li>Tejido Stretch SoftTouch<\/li><li>Platabanda acolchada\u00a0<\/li><li>Altura aprox. 30 cm.<\/li><\/ul><p>\u00a0<\/p><p>Pulsa en m\u00e1s informaci\u00f3n , para una descripci\u00f3n de la oferta m\u00e1s detallada.<\/p>\t\t\t\t\t\t\t\t<\/div>\n\t\t\t\t<\/div>\n\t\t\t\t<\/div>\n\t\t<div class=\"elementor-element elementor-element-29b113b e-con-full e-flex e-con e-child\" data-id=\"29b113b\" data-element_type=\"container\">\n\t\t\t\t<div class=\"elementor-element elementor-element-aa62863 elementor-widget elementor-widget-spacer\" data-id=\"aa62863\" data-element_type=\"widget\" data-widget_type=\"spacer.default\">\n\t\t\t\t<div class=\"elementor-widget-container\">\n\t\t\t\t\t\t\t<div class=\"elementor-spacer\">\n\t\t\t<div class=\"elementor-spacer-inner\"><\/div>\n\t\t<\/div>\n\t\t\t\t\t\t<\/div>\n\t\t\t\t<\/div>\n\t\t\t\t<div class=\"elementor-element elementor-element-73d16a7 elementor-view-default elementor-widget elementor-widget-icon\" data-id=\"73d16a7\" data-element_type=\"widget\" data-widget_type=\"icon.default\">\n\t\t\t\t<div class=\"elementor-widget-container\">\n\t\t\t\t\t\t\t<div class=\"elementor-icon-wrapper\">\n\t\t\t<div class=\"elementor-icon\">\n\t\t\t<svg aria-hidden=\"true\" class=\"e-font-icon-svg e-fas-arrow-alt-circle-right\" viewBox=\"0 0 512 512\" xmlns=\"http:\/\/www.w3.org\/2000\/svg\"><path d=\"M256 8c137 0 248 111 248 248S393 504 256 504 8 393 8 256 119 8 256 8zM140 300h116v70.9c0 10.7 13 16.1 20.5 8.5l114.3-114.9c4.7-4.7 4.7-12.2 0-16.9l-114.3-115c-7.6-7.6-20.5-2.2-20.5 8.5V212H140c-6.6 0-12 5.4-12 12v64c0 6.6 5.4 12 12 12z\"><\/path><\/svg>\t\t\t<\/div>\n\t\t<\/div>\n\t\t\t\t\t\t<\/div>\n\t\t\t\t<\/div>\n\t\t\t\t<\/div>\n\t\t<div class=\"elementor-element elementor-element-77c2dd1 e-con-full e-flex e-con e-child\" data-id=\"77c2dd1\" data-element_type=\"container\">\n\t\t\t\t<div class=\"elementor-element elementor-element-639773a elementor-widget elementor-widget-spacer\" data-id=\"639773a\" data-element_type=\"widget\" data-widget_type=\"spacer.default\">\n\t\t\t\t<div class=\"elementor-widget-container\">\n\t\t\t\t\t\t\t<div class=\"elementor-spacer\">\n\t\t\t<div class=\"elementor-spacer-inner\"><\/div>\n\t\t<\/div>\n\t\t\t\t\t\t<\/div>\n\t\t\t\t<\/div>\n\t\t\t\t<div class=\"elementor-element elementor-element-f0a1384 elementor-align-center elementor-widget elementor-widget-button\" data-id=\"f0a1384\" data-element_type=\"widget\" data-widget_type=\"button.default\">\n\t\t\t\t<div class=\"elementor-widget-container\">\n\t\t\t\t\t\t\t\t\t<div class=\"elementor-button-wrapper\">\n\t\t\t\t\t<a class=\"elementor-button elementor-button-link elementor-size-sm\" href=\"https:\/\/tifonespana-my.sharepoint.com\/:b:\/g\/personal\/jfernandez_europamuebles_com\/EbHtNuuWd2VNqJPanRwjKwUBCI0uvqkNLCMBRlk0xwxaUw?e=dXNVEG\" target=\"_blank\">\n\t\t\t\t\t\t<span class=\"elementor-button-content-wrapper\">\n\t\t\t\t\t\t\t\t\t<span class=\"elementor-button-text\">M\u00e1s informaci\u00f3n<\/span>\n\t\t\t\t\t<\/span>\n\t\t\t\t\t<\/a>\n\t\t\t\t<\/div>\n\t\t\t\t\t\t\t\t<\/div>\n\t\t\t\t<\/div>\n\t\t\t\t<\/div>\n\t\t\t\t\t<\/div>\n\t\t\t\t<\/div>\n\t\t<div class=\"elementor-element elementor-element-f45178e e-flex e-con-boxed e-con e-parent\" data-id=\"f45178e\" data-element_type=\"container\">\n\t\t\t\t\t<div class=\"e-con-inner\">\n\t\t\t\t<div class=\"elementor-element elementor-element-41b239f elementor-widget elementor-widget-image\" data-id=\"41b239f\" data-element_type=\"widget\" data-widget_type=\"image.default\">\n\t\t\t\t<div class=\"elementor-widget-container\">\n\t\t\t\t\t\t\t\t\t\t\t\t\t\t\t<img decoding=\"async\" width=\"2500\" height=\"851\" src=\"https:\/\/www.regalamosdescanso.es\/wp-content\/uploads\/2025\/01\/banner-astral.jpg\" class=\"attachment-full size-full wp-image-25\" alt=\"\" srcset=\"https:\/\/www.regalamosdescanso.es\/wp-content\/uploads\/2025\/01\/banner-astral.jpg 2500w, https:\/\/www.regalamosdescanso.es\/wp-content\/uploads\/2025\/01\/banner-astral-300x102.jpg 300w, https:\/\/www.regalamosdescanso.es\/wp-content\/uploads\/2025\/01\/banner-astral-1024x349.jpg 1024w, https:\/\/www.regalamosdescanso.es\/wp-content\/uploads\/2025\/01\/banner-astral-768x261.jpg 768w, https:\/\/www.regalamosdescanso.es\/wp-content\/uploads\/2025\/01\/banner-astral-1536x523.jpg 1536w, https:\/\/www.regalamosdescanso.es\/wp-content\/uploads\/2025\/01\/banner-astral-2048x697.jpg 2048w\" sizes=\"(max-width: 2500px) 100vw, 2500px\" \/>\t\t\t\t\t\t\t\t\t\t\t\t\t\t\t<\/div>\n\t\t\t\t<\/div>\n\t\t\t\t\t<\/div>\n\t\t\t\t<\/div>\n\t\t<div class=\"elementor-element elementor-element-b1920b2 e-flex e-con-boxed e-con e-parent\" data-id=\"b1920b2\" data-element_type=\"container\">\n\t\t\t\t\t<div class=\"e-con-inner\">\n\t\t<div class=\"elementor-element elementor-element-fa40064 e-con-full e-flex e-con e-child\" data-id=\"fa40064\" data-element_type=\"container\">\n\t\t\t\t<div class=\"elementor-element elementor-element-561f463 elementor-widget elementor-widget-text-editor\" data-id=\"561f463\" data-element_type=\"widget\" data-widget_type=\"text-editor.default\">\n\t\t\t\t<div class=\"elementor-widget-container\">\n\t\t\t\t\t\t\t\t\t<p><span style=\"text-decoration: underline;\"><strong>Colch\u00f3n Perseo Astral:<\/strong><\/span><\/p><ul><li>Muelles ensacados<\/li><li>Viscoel\u00e1stica<\/li><li>Tejido stretch<\/li><li>Confort Foam<\/li><li>Altura aprox. 27 cm.<\/li><\/ul><p>\u00a0<\/p><p>Pulsa en m\u00e1s informaci\u00f3n , para una descripci\u00f3n de la oferta m\u00e1s detallada.<\/p>\t\t\t\t\t\t\t\t<\/div>\n\t\t\t\t<\/div>\n\t\t\t\t<\/div>\n\t\t<div class=\"elementor-element elementor-element-410f0dd e-con-full e-flex e-con e-child\" data-id=\"410f0dd\" data-element_type=\"container\">\n\t\t\t\t<div class=\"elementor-element elementor-element-564c0a8 elementor-widget elementor-widget-spacer\" data-id=\"564c0a8\" data-element_type=\"widget\" data-widget_type=\"spacer.default\">\n\t\t\t\t<div class=\"elementor-widget-container\">\n\t\t\t\t\t\t\t<div class=\"elementor-spacer\">\n\t\t\t<div class=\"elementor-spacer-inner\"><\/div>\n\t\t<\/div>\n\t\t\t\t\t\t<\/div>\n\t\t\t\t<\/div>\n\t\t\t\t<div class=\"elementor-element elementor-element-fcc9a7d elementor-view-default elementor-widget elementor-widget-icon\" data-id=\"fcc9a7d\" data-element_type=\"widget\" data-widget_type=\"icon.default\">\n\t\t\t\t<div class=\"elementor-widget-container\">\n\t\t\t\t\t\t\t<div class=\"elementor-icon-wrapper\">\n\t\t\t<div class=\"elementor-icon\">\n\t\t\t<svg aria-hidden=\"true\" class=\"e-font-icon-svg e-fas-arrow-alt-circle-right\" viewBox=\"0 0 512 512\" xmlns=\"http:\/\/www.w3.org\/2000\/svg\"><path d=\"M256 8c137 0 248 111 248 248S393 504 256 504 8 393 8 256 119 8 256 8zM140 300h116v70.9c0 10.7 13 16.1 20.5 8.5l114.3-114.9c4.7-4.7 4.7-12.2 0-16.9l-114.3-115c-7.6-7.6-20.5-2.2-20.5 8.5V212H140c-6.6 0-12 5.4-12 12v64c0 6.6 5.4 12 12 12z\"><\/path><\/svg>\t\t\t<\/div>\n\t\t<\/div>\n\t\t\t\t\t\t<\/div>\n\t\t\t\t<\/div>\n\t\t\t\t<\/div>\n\t\t<div class=\"elementor-element elementor-element-2fce270 e-con-full e-flex e-con e-child\" data-id=\"2fce270\" data-element_type=\"container\">\n\t\t\t\t<div class=\"elementor-element elementor-element-b5234cc elementor-widget elementor-widget-spacer\" data-id=\"b5234cc\" data-element_type=\"widget\" data-widget_type=\"spacer.default\">\n\t\t\t\t<div class=\"elementor-widget-container\">\n\t\t\t\t\t\t\t<div class=\"elementor-spacer\">\n\t\t\t<div class=\"elementor-spacer-inner\"><\/div>\n\t\t<\/div>\n\t\t\t\t\t\t<\/div>\n\t\t\t\t<\/div>\n\t\t\t\t<div class=\"elementor-element elementor-element-e59a52f elementor-align-center elementor-widget elementor-widget-button\" data-id=\"e59a52f\" data-element_type=\"widget\" data-widget_type=\"button.default\">\n\t\t\t\t<div class=\"elementor-widget-container\">\n\t\t\t\t\t\t\t\t\t<div class=\"elementor-button-wrapper\">\n\t\t\t\t\t<a class=\"elementor-button elementor-button-link elementor-size-sm\" href=\"https:\/\/tifonespana-my.sharepoint.com\/:b:\/g\/personal\/jfernandez_europamuebles_com\/EZz5fXBvjldJk0T0ddc_T0QBDq66-AzBcfgGLIUgnvsTcw?e=QBw5D8\" target=\"_blank\">\n\t\t\t\t\t\t<span class=\"elementor-button-content-wrapper\">\n\t\t\t\t\t\t\t\t\t<span class=\"elementor-button-text\">M\u00e1s informaci\u00f3n<\/span>\n\t\t\t\t\t<\/span>\n\t\t\t\t\t<\/a>\n\t\t\t\t<\/div>\n\t\t\t\t\t\t\t\t<\/div>\n\t\t\t\t<\/div>\n\t\t\t\t<\/div>\n\t\t\t\t\t<\/div>\n\t\t\t\t<\/div>\n\t\t<div class=\"elementor-element elementor-element-9ee3939 e-flex e-con-boxed e-con e-parent\" data-id=\"9ee3939\" data-element_type=\"container\">\n\t\t\t\t\t<div class=\"e-con-inner\">\n\t\t\t\t<div class=\"elementor-element elementor-element-42bcc59 elementor-widget elementor-widget-image\" data-id=\"42bcc59\" data-element_type=\"widget\" data-widget_type=\"image.default\">\n\t\t\t\t<div class=\"elementor-widget-container\">\n\t\t\t\t\t\t\t\t\t\t\t\t\t\t\t<img decoding=\"async\" width=\"2500\" height=\"851\" src=\"https:\/\/www.regalamosdescanso.es\/wp-content\/uploads\/2025\/01\/banner-pikolin.jpg\" class=\"attachment-full size-full wp-image-27\" alt=\"\" srcset=\"https:\/\/www.regalamosdescanso.es\/wp-content\/uploads\/2025\/01\/banner-pikolin.jpg 2500w, https:\/\/www.regalamosdescanso.es\/wp-content\/uploads\/2025\/01\/banner-pikolin-300x102.jpg 300w, https:\/\/www.regalamosdescanso.es\/wp-content\/uploads\/2025\/01\/banner-pikolin-1024x349.jpg 1024w, https:\/\/www.regalamosdescanso.es\/wp-content\/uploads\/2025\/01\/banner-pikolin-768x261.jpg 768w, https:\/\/www.regalamosdescanso.es\/wp-content\/uploads\/2025\/01\/banner-pikolin-1536x523.jpg 1536w, https:\/\/www.regalamosdescanso.es\/wp-content\/uploads\/2025\/01\/banner-pikolin-2048x697.jpg 2048w\" sizes=\"(max-width: 2500px) 100vw, 2500px\" \/>\t\t\t\t\t\t\t\t\t\t\t\t\t\t\t<\/div>\n\t\t\t\t<\/div>\n\t\t\t\t\t<\/div>\n\t\t\t\t<\/div>\n\t\t<div class=\"elementor-element elementor-element-630a475 e-flex e-con-boxed e-con e-parent\" data-id=\"630a475\" data-element_type=\"container\">\n\t\t\t\t\t<div class=\"e-con-inner\">\n\t\t<div class=\"elementor-element elementor-element-626373c e-con-full e-flex e-con e-child\" data-id=\"626373c\" data-element_type=\"container\">\n\t\t\t\t<div class=\"elementor-element elementor-element-356ee66 elementor-widget elementor-widget-text-editor\" data-id=\"356ee66\" data-element_type=\"widget\" data-widget_type=\"text-editor.default\">\n\t\t\t\t<div class=\"elementor-widget-container\">\n\t\t\t\t\t\t\t\t\t<p>Opci\u00f3n 1<\/p><p><span style=\"text-decoration: underline;\"><strong>Colch\u00f3n Adagio 2.0 Pikolin:<\/strong><\/span><\/p><ul><li>Firmeza media +<\/li><li>Tejido Stretch<\/li><li>Fibercel<\/li><li>N\u00facleo Normablock<\/li><li>Triple barrera<\/li><li>Altura aprox. 23 cm.\u00a0<\/li><\/ul><p>\u00a0<\/p><p>Pulsa en m\u00e1s informaci\u00f3n , para una descripci\u00f3n de la oferta m\u00e1s detallada.<\/p>\t\t\t\t\t\t\t\t<\/div>\n\t\t\t\t<\/div>\n\t\t\t\t<\/div>\n\t\t<div class=\"elementor-element elementor-element-3383bfe e-con-full e-flex e-con e-child\" data-id=\"3383bfe\" data-element_type=\"container\">\n\t\t\t\t<div class=\"elementor-element elementor-element-5fec129 elementor-widget elementor-widget-text-editor\" data-id=\"5fec129\" data-element_type=\"widget\" data-widget_type=\"text-editor.default\">\n\t\t\t\t<div class=\"elementor-widget-container\">\n\t\t\t\t\t\t\t\t\t<p>Opci\u00f3n 2<\/p><p><span style=\"text-decoration: underline;\"><strong>Colch\u00f3n Allegro 2.0 Pikolin:<\/strong><\/span><\/p><ul><li>Firmeza alta<\/li><li>Tejido Stretch<\/li><li>Fibercel<\/li><li>N\u00facleo Normablock<\/li><li>Triple barrera<\/li><li>Altura aprox. 23,5 cm.\u00a0<\/li><\/ul><p>\u00a0<\/p><p>Pulsa en m\u00e1s informaci\u00f3n , para una descripci\u00f3n de la oferta m\u00e1s detallada.<\/p>\t\t\t\t\t\t\t\t<\/div>\n\t\t\t\t<\/div>\n\t\t\t\t<\/div>\n\t\t<div class=\"elementor-element elementor-element-d708110 e-con-full e-flex e-con e-child\" data-id=\"d708110\" data-element_type=\"container\">\n\t\t\t\t<div class=\"elementor-element elementor-element-a995e29 elementor-widget elementor-widget-spacer\" data-id=\"a995e29\" data-element_type=\"widget\" data-widget_type=\"spacer.default\">\n\t\t\t\t<div class=\"elementor-widget-container\">\n\t\t\t\t\t\t\t<div class=\"elementor-spacer\">\n\t\t\t<div class=\"elementor-spacer-inner\"><\/div>\n\t\t<\/div>\n\t\t\t\t\t\t<\/div>\n\t\t\t\t<\/div>\n\t\t\t\t<div class=\"elementor-element elementor-element-afc747a elementor-view-default elementor-widget elementor-widget-icon\" data-id=\"afc747a\" data-element_type=\"widget\" data-widget_type=\"icon.default\">\n\t\t\t\t<div class=\"elementor-widget-container\">\n\t\t\t\t\t\t\t<div class=\"elementor-icon-wrapper\">\n\t\t\t<div class=\"elementor-icon\">\n\t\t\t<svg aria-hidden=\"true\" class=\"e-font-icon-svg e-fas-arrow-alt-circle-right\" viewBox=\"0 0 512 512\" xmlns=\"http:\/\/www.w3.org\/2000\/svg\"><path d=\"M256 8c137 0 248 111 248 248S393 504 256 504 8 393 8 256 119 8 256 8zM140 300h116v70.9c0 10.7 13 16.1 20.5 8.5l114.3-114.9c4.7-4.7 4.7-12.2 0-16.9l-114.3-115c-7.6-7.6-20.5-2.2-20.5 8.5V212H140c-6.6 0-12 5.4-12 12v64c0 6.6 5.4 12 12 12z\"><\/path><\/svg>\t\t\t<\/div>\n\t\t<\/div>\n\t\t\t\t\t\t<\/div>\n\t\t\t\t<\/div>\n\t\t\t\t<\/div>\n\t\t<div class=\"elementor-element elementor-element-4dffac9 e-con-full e-flex e-con e-child\" data-id=\"4dffac9\" data-element_type=\"container\">\n\t\t\t\t<div class=\"elementor-element elementor-element-952520e elementor-widget elementor-widget-spacer\" data-id=\"952520e\" data-element_type=\"widget\" data-widget_type=\"spacer.default\">\n\t\t\t\t<div class=\"elementor-widget-container\">\n\t\t\t\t\t\t\t<div class=\"elementor-spacer\">\n\t\t\t<div class=\"elementor-spacer-inner\"><\/div>\n\t\t<\/div>\n\t\t\t\t\t\t<\/div>\n\t\t\t\t<\/div>\n\t\t\t\t<div class=\"elementor-element elementor-element-dfb5b80 elementor-align-center elementor-widget elementor-widget-button\" data-id=\"dfb5b80\" data-element_type=\"widget\" data-widget_type=\"button.default\">\n\t\t\t\t<div class=\"elementor-widget-container\">\n\t\t\t\t\t\t\t\t\t<div class=\"elementor-button-wrapper\">\n\t\t\t\t\t<a class=\"elementor-button elementor-button-link elementor-size-sm\" href=\"https:\/\/tifonespana-my.sharepoint.com\/:b:\/g\/personal\/jfernandez_europamuebles_com\/ETVbSkn4expMuleZv8Dy4L4BsDMe4zgz3lGzU1LLoCw9Sg?e=tetRTf\" target=\"_blank\">\n\t\t\t\t\t\t<span class=\"elementor-button-content-wrapper\">\n\t\t\t\t\t\t\t\t\t<span class=\"elementor-button-text\">Opci\u00f3n 1<\/span>\n\t\t\t\t\t<\/span>\n\t\t\t\t\t<\/a>\n\t\t\t\t<\/div>\n\t\t\t\t\t\t\t\t<\/div>\n\t\t\t\t<\/div>\n\t\t\t\t<div class=\"elementor-element elementor-element-9575bf9 elementor-align-center elementor-widget elementor-widget-button\" data-id=\"9575bf9\" data-element_type=\"widget\" data-widget_type=\"button.default\">\n\t\t\t\t<div class=\"elementor-widget-container\">\n\t\t\t\t\t\t\t\t\t<div class=\"elementor-button-wrapper\">\n\t\t\t\t\t<a class=\"elementor-button elementor-button-link elementor-size-sm\" href=\"https:\/\/tifonespana-my.sharepoint.com\/:b:\/g\/personal\/jfernandez_europamuebles_com\/EVxosizO1w1Hm57OadquKX8BfBb1CihnkKoLuKvuhpspXQ?e=59cXhB\" target=\"_blank\">\n\t\t\t\t\t\t<span class=\"elementor-button-content-wrapper\">\n\t\t\t\t\t\t\t\t\t<span class=\"elementor-button-text\">Opci\u00f3n 2<\/span>\n\t\t\t\t\t<\/span>\n\t\t\t\t\t<\/a>\n\t\t\t\t<\/div>\n\t\t\t\t\t\t\t\t<\/div>\n\t\t\t\t<\/div>\n\t\t\t\t<div class=\"elementor-element elementor-element-e6e8fac elementor-widget elementor-widget-spacer\" data-id=\"e6e8fac\" data-element_type=\"widget\" data-widget_type=\"spacer.default\">\n\t\t\t\t<div class=\"elementor-widget-container\">\n\t\t\t\t\t\t\t<div class=\"elementor-spacer\">\n\t\t\t<div class=\"elementor-spacer-inner\"><\/div>\n\t\t<\/div>\n\t\t\t\t\t\t<\/div>\n\t\t\t\t<\/div>\n\t\t\t\t<\/div>\n\t\t\t\t\t<\/div>\n\t\t\t\t<\/div>\n\t\t<div class=\"elementor-element elementor-element-8dd60b6 e-con-full e-flex e-con e-parent\" data-id=\"8dd60b6\" data-element_type=\"container\">\n\t\t\t\t<div class=\"elementor-element elementor-element-3f3060f elementor-widget elementor-widget-text-editor\" data-id=\"3f3060f\" data-element_type=\"widget\" data-widget_type=\"text-editor.default\">\n\t\t\t\t<div class=\"elementor-widget-container\">\n\t\t\t\t\t\t\t\t\t<p>Descubre las tiendas adheridas a la promoci\u00f3n m\u00e1s cerca de ti.\u00a0<\/p>\t\t\t\t\t\t\t\t<\/div>\n\t\t\t\t<\/div>\n\t\t\t\t<div class=\"elementor-element elementor-element-56a9818 elementor-align-center elementor-widget elementor-widget-button\" data-id=\"56a9818\" data-element_type=\"widget\" data-widget_type=\"button.default\">\n\t\t\t\t<div class=\"elementor-widget-container\">\n\t\t\t\t\t\t\t\t\t<div class=\"elementor-button-wrapper\">\n\t\t\t\t\t<a class=\"elementor-button elementor-button-link elementor-size-sm\" href=\"https:\/\/www.tiendasmueble.es\/\" target=\"_blank\">\n\t\t\t\t\t\t<span class=\"elementor-button-content-wrapper\">\n\t\t\t\t\t\t<span class=\"elementor-button-icon\">\n\t\t\t\t<svg aria-hidden=\"true\" class=\"e-font-icon-svg e-fas-search-location\" viewBox=\"0 0 512 512\" xmlns=\"http:\/\/www.w3.org\/2000\/svg\"><path d=\"M505.04 442.66l-99.71-99.69c-4.5-4.5-10.6-7-17-7h-16.3c27.6-35.3 44-79.69 44-127.99C416.03 93.09 322.92 0 208.02 0S0 93.09 0 207.98s93.11 207.98 208.02 207.98c48.3 0 92.71-16.4 128.01-44v16.3c0 6.4 2.5 12.5 7 17l99.71 99.69c9.4 9.4 24.6 9.4 33.9 0l28.3-28.3c9.4-9.4 9.4-24.59.1-33.99zm-297.02-90.7c-79.54 0-144-64.34-144-143.98 0-79.53 64.35-143.98 144-143.98 79.54 0 144 64.34 144 143.98 0 79.53-64.35 143.98-144 143.98zm.02-239.96c-40.78 0-73.84 33.05-73.84 73.83 0 32.96 48.26 93.05 66.75 114.86a9.24 9.24 0 0 0 14.18 0c18.49-21.81 66.75-81.89 66.75-114.86 0-40.78-33.06-73.83-73.84-73.83zm0 96c-13.26 0-24-10.75-24-24 0-13.26 10.75-24 24-24s24 10.74 24 24c0 13.25-10.75 24-24 24z\"><\/path><\/svg>\t\t\t<\/span>\n\t\t\t\t\t\t\t\t\t<span class=\"elementor-button-text\">ENCUENTRA TU TIENDA<\/span>\n\t\t\t\t\t<\/span>\n\t\t\t\t\t<\/a>\n\t\t\t\t<\/div>\n\t\t\t\t\t\t\t\t<\/div>\n\t\t\t\t<\/div>\n\t\t\t\t<div class=\"elementor-element elementor-element-163a54d elementor-widget elementor-widget-spacer\" data-id=\"163a54d\" data-element_type=\"widget\" data-widget_type=\"spacer.default\">\n\t\t\t\t<div class=\"elementor-widget-container\">\n\t\t\t\t\t\t\t<div class=\"elementor-spacer\">\n\t\t\t<div class=\"elementor-spacer-inner\"><\/div>\n\t\t<\/div>\n\t\t\t\t\t\t<\/div>\n\t\t\t\t<\/div>\n\t\t\t\t<\/div>\n\t\t<div class=\"elementor-element elementor-element-6d5dd82 e-flex e-con-boxed e-con e-parent\" data-id=\"6d5dd82\" data-element_type=\"container\">\n\t\t\t\t\t<div class=\"e-con-inner\">\n\t\t\t\t<div class=\"elementor-element elementor-element-7bb0596 elementor-widget elementor-widget-text-editor\" data-id=\"7bb0596\" data-element_type=\"widget\" data-widget_type=\"text-editor.default\">\n\t\t\t\t<div class=\"elementor-widget-container\">\n\t\t\t\t\t\t\t\t\t<p>* Promoci\u00f3n exclusiva para nuestras tiendas asociadas. V<span style=\"color: var( --e-global-color-text ); font-family: var( --e-global-typography-text-font-family ), Sans-serif; font-weight: var( --e-global-typography-text-font-weight ); text-align: var(--text-align); font-size: 1rem;\">alidez de la promoci\u00f3n 30\/06\/25 (prorrogada). Consultar disponibilidad de la promoci\u00f3n en tu tienda m\u00e1s cercana.<\/span><\/p>\t\t\t\t\t\t\t\t<\/div>\n\t\t\t\t<\/div>\n\t\t\t\t\t<\/div>\n\t\t\t\t<\/div>\n\t\t<div class=\"elementor-element elementor-element-9456485 e-flex e-con-boxed e-con e-parent\" data-id=\"9456485\" data-element_type=\"container\">\n\t\t\t\t\t<div class=\"e-con-inner\">\n\t\t\t\t<div class=\"elementor-element elementor-element-50703ff elementor-widget elementor-widget-text-editor\" data-id=\"50703ff\" data-element_type=\"widget\" data-widget_type=\"text-editor.default\">\n\t\t\t\t<div class=\"elementor-widget-container\">\n\t\t\t\t\t\t\t\t\t<p>Puedes <a href=\"https:\/\/linktr.ee\/tiendasmueble\" target=\"_blank\" rel=\"noopener\">seguirnos<\/a> en nuestras redes sociales para esta y muchas m\u00e1s promociones.<\/p>\t\t\t\t\t\t\t\t<\/div>\n\t\t\t\t<\/div>\n\t\t\t\t\t<\/div>\n\t\t\t\t<\/div>\n\t\t<div class=\"elementor-element elementor-element-d5520fc e-flex e-con-boxed e-con e-parent\" data-id=\"d5520fc\" data-element_type=\"container\">\n\t\t\t\t\t<div class=\"e-con-inner\">\n\t\t\t\t<div class=\"elementor-element elementor-element-b63ce0f elementor-widget elementor-widget-image\" data-id=\"b63ce0f\" data-element_type=\"widget\" data-widget_type=\"image.default\">\n\t\t\t\t<div class=\"elementor-widget-container\">\n\t\t\t\t\t\t\t\t\t\t\t\t\t\t\t\t<a href=\"https:\/\/www.tiendasmueble.es\/\" target=\"_blank\">\n\t\t\t\t\t\t\t<img loading=\"lazy\" decoding=\"async\" width=\"300\" height=\"77\" src=\"https:\/\/www.regalamosdescanso.es\/wp-content\/uploads\/2025\/01\/Logo_tiendasmueble_sinfondo-1-300x77.png\" class=\"attachment-medium size-medium wp-image-156\" alt=\"\" srcset=\"https:\/\/www.regalamosdescanso.es\/wp-content\/uploads\/2025\/01\/Logo_tiendasmueble_sinfondo-1-300x77.png 300w, https:\/\/www.regalamosdescanso.es\/wp-content\/uploads\/2025\/01\/Logo_tiendasmueble_sinfondo-1-1024x263.png 1024w, https:\/\/www.regalamosdescanso.es\/wp-content\/uploads\/2025\/01\/Logo_tiendasmueble_sinfondo-1-768x197.png 768w, https:\/\/www.regalamosdescanso.es\/wp-content\/uploads\/2025\/01\/Logo_tiendasmueble_sinfondo-1.png 1200w\" sizes=\"(max-width: 300px) 100vw, 300px\" \/>\t\t\t\t\t\t\t\t<\/a>\n\t\t\t\t\t\t\t\t\t\t\t\t\t\t\t<\/div>\n\t\t\t\t<\/div>\n\t\t\t\t\t<\/div>\n\t\t\t\t<\/div>\n\t\t\t\t<\/div>\n\t\t","protected":false},"excerpt":{"rendered":"<p>Compra tu nuevo colch\u00f3n y por 1\u20ac m\u00e1s ll\u00e9vate el canap\u00e9 * Colch\u00f3n Premium 30 de Domotex: N\u00facleo HR de Alta densidad Confort envolvente con viscoel\u00e1stica Tejido Stretch SoftTouch Platabanda acolchada\u00a0 Altura aprox. 30 cm. \u00a0 Pulsa en m\u00e1s informaci\u00f3n , para una descripci\u00f3n de la oferta m\u00e1s detallada. M\u00e1s informaci\u00f3n Colch\u00f3n Perseo Astral: Muelles [&hellip;]<\/p>\n","protected":false},"author":2,"featured_media":0,"parent":0,"menu_order":0,"comment_status":"closed","ping_status":"closed","template":"","meta":{"footnotes":""},"class_list":["post-12","page","type-page","status-publish","hentry"],"_links":{"self":[{"href":"https:\/\/www.regalamosdescanso.es\/index.php?rest_route=\/wp\/v2\/pages\/12","targetHints":{"allow":["GET"]}}],"collection":[{"href":"https:\/\/www.regalamosdescanso.es\/index.php?rest_route=\/wp\/v2\/pages"}],"about":[{"href":"https:\/\/www.regalamosdescanso.es\/index.php?rest_route=\/wp\/v2\/types\/page"}],"author":[{"embeddable":true,"href":"https:\/\/www.regalamosdescanso.es\/index.php?rest_route=\/wp\/v2\/users\/2"}],"replies":[{"embeddable":true,"href":"https:\/\/www.regalamosdescanso.es\/index.php?rest_route=%2Fwp%2Fv2%2Fcomments&post=12"}],"version-history":[{"count":174,"href":"https:\/\/www.regalamosdescanso.es\/index.php?rest_route=\/wp\/v2\/pages\/12\/revisions"}],"predecessor-version":[{"id":241,"href":"https:\/\/www.regalamosdescanso.es\/index.php?rest_route=\/wp\/v2\/pages\/12\/revisions\/241"}],"wp:attachment":[{"href":"https:\/\/www.regalamosdescanso.es\/index.php?rest_route=%2Fwp%2Fv2%2Fmedia&parent=12"}],"curies":[{"name":"wp","href":"https:\/\/api.w.org\/{rel}","templated":true}]}}